{"id":53,"date":"2026-04-12T12:22:21","date_gmt":"2026-04-12T12:22:21","guid":{"rendered":"https:\/\/qual.multi-satelite.com\/?page_id=53"},"modified":"2026-04-12T12:22:21","modified_gmt":"2026-04-12T12:22:21","slug":"politica-de-cookies","status":"publish","type":"page","link":"https:\/\/qual.multi-satelite.com\/?page_id=53","title":{"rendered":"Pol\u00edtica de Cookies"},"content":{"rendered":"<div class=\"wpconsent-cookie-policy\"><h2 class=\"wpconsent-cookie-category-name\">Cookies Essenciais<\/h2><p class=\"wpconsent-cookie-category-description\">Cookies necess\u00e1rios para o funcionamento b\u00e1sico do website. Permitem funcionalidades essenciais como navega\u00e7\u00e3o e acesso a \u00e1reas seguras. O website n\u00e3o pode funcionar corretamente sem estes cookies.<\/p><table class=\"wpconsent-cookie-policy-table\"><tr><th>Nome do Cookie<\/th><th>Descri\u00e7\u00e3o<\/th><th>Validade<\/th><\/tr><tr><td>wpconsent_preferences<\/td><td>This cookie is used to store the user&#039;s cookie consent preferences.<\/td><td>30 days<\/td><\/tr><\/table><h3 class=\"wpconsent-cookie-service-name\">Comments<\/h3><p class=\"wpconsent-cookie-service-description\">These cookies are needed for adding comments on this website.<\/p><table class=\"wpconsent-cookie-policy-table\"><tr><th>Nome do Cookie<\/th><th>Descri\u00e7\u00e3o<\/th><th>Validade<\/th><\/tr><tr><td>comment_author<\/td><td>Used to track the user across multiple sessions.<\/td><td>Session<\/td><\/tr><tr><td>comment_author_email<\/td><td>Used to track the user across multiple sessions.<\/td><td>Session<\/td><\/tr><tr><td>comment_author_url<\/td><td>Used to track the user across multiple sessions.<\/td><td>Session<\/td><\/tr><\/table><\/div>\n","protected":false},"excerpt":{"rendered":"","protected":false},"author":1,"featured_media":0,"parent":0,"menu_order":0,"comment_status":"closed","ping_status":"closed","template":"","meta":{"footnotes":""},"class_list":["post-53","page","type-page","status-publish","hentry"],"_links":{"self":[{"href":"https:\/\/qual.multi-satelite.com\/index.php?rest_route=\/wp\/v2\/pages\/53","targetHints":{"allow":["GET"]}}],"collection":[{"href":"https:\/\/qual.multi-satelite.com\/index.php?rest_route=\/wp\/v2\/pages"}],"about":[{"href":"https:\/\/qual.multi-satelite.com\/index.php?rest_route=\/wp\/v2\/types\/page"}],"author":[{"embeddable":true,"href":"https:\/\/qual.multi-satelite.com\/index.php?rest_route=\/wp\/v2\/users\/1"}],"replies":[{"embeddable":true,"href":"https:\/\/qual.multi-satelite.com\/index.php?rest_route=%2Fwp%2Fv2%2Fcomments&post=53"}],"version-history":[{"count":1,"href":"https:\/\/qual.multi-satelite.com\/index.php?rest_route=\/wp\/v2\/pages\/53\/revisions"}],"predecessor-version":[{"id":54,"href":"https:\/\/qual.multi-satelite.com\/index.php?rest_route=\/wp\/v2\/pages\/53\/revisions\/54"}],"wp:attachment":[{"href":"https:\/\/qual.multi-satelite.com\/index.php?rest_route=%2Fwp%2Fv2%2Fmedia&parent=53"}],"curies":[{"name":"wp","href":"https:\/\/api.w.org\/{rel}","templated":true}]}}